{"id":28,"date":"2024-03-15T12:41:08","date_gmt":"2024-03-15T11:41:08","guid":{"rendered":"https:\/\/afakomarket.com\/?page_id=28"},"modified":"2025-01-29T18:16:55","modified_gmt":"2025-01-29T17:16:55","slug":"nosotros","status":"publish","type":"page","link":"https:\/\/afakomarket.com\/index.php\/nosotros\/","title":{"rendered":"Nosotros"},"content":{"rendered":"\t\t<div data-elementor-type=\"wp-page\" data-elementor-id=\"28\" class=\"elementor elementor-28\">\n\t\t\t\t<div class=\"elementor-element elementor-element-f85cec3 e-flex e-con-boxed e-con e-parent\" data-id=\"f85cec3\" data-element_type=\"container\" data-e-type=\"container\">\n\t\t\t\t\t<div class=\"e-con-inner\">\n\t\t\t\t<div class=\"elementor-element elementor-element-fb24d54 elementor-widget elementor-widget-heading\" data-id=\"fb24d54\" data-element_type=\"widget\" data-e-type=\"widget\" data-widget_type=\"heading.default\">\n\t\t\t\t<div class=\"elementor-widget-container\">\n\t\t\t\t\t<h2 class=\"elementor-heading-title elementor-size-default\">Asociaci\u00f3n de integraci\u00f3n sociolaboral de personas con discapacidad Afako Market (AISPDAM)<\/h2>\t\t\t\t<\/div>\n\t\t\t\t<\/div>\n\t\t\t\t<div class=\"elementor-element elementor-element-7f1d32f elementor-widget elementor-widget-text-editor\" data-id=\"7f1d32f\" data-element_type=\"widget\" data-e-type=\"widget\" data-widget_type=\"text-editor.default\">\n\t\t\t\t<div class=\"elementor-widget-container\">\n\t\t\t\t\t\t\t\t\t<p>La integraci\u00f3n sociolaboral es nuestra raz\u00f3n para la creaci\u00f3n de una asociaci\u00f3n sin animo de lucro, cuya finalidad es la creaci\u00f3n de un centro especial de empleo sin animo de lucro de servicios, principalmente, de marketing y marketing digital y para poder darle forma hemos redactado el borrador de los estatutos, En enero de 2025, el siguiente paso es hacer la asamblea constitutiva, si quieres colaborar para poder dar trabajo para las personas con discapacidad \u00fanete a nuestro equipo.\u00a0<\/p>\t\t\t\t\t\t\t\t<\/div>\n\t\t\t\t<\/div>\n\t\t\t\t\t<\/div>\n\t\t\t\t<\/div>\n\t\t<div class=\"elementor-element elementor-element-3eac76f e-flex e-con-boxed e-con e-parent\" data-id=\"3eac76f\" data-element_type=\"container\" data-e-type=\"container\" data-settings=\"{&quot;background_background&quot;:&quot;classic&quot;}\">\n\t\t\t\t\t<div class=\"e-con-inner\">\n\t\t<div class=\"elementor-element elementor-element-2bc6d2c e-flex e-con-boxed e-con e-child\" data-id=\"2bc6d2c\" data-element_type=\"container\" data-e-type=\"container\">\n\t\t\t\t\t<div class=\"e-con-inner\">\n\t\t\t\t<div class=\"elementor-element elementor-element-9656784 elementor-widget elementor-widget-heading\" data-id=\"9656784\" data-element_type=\"widget\" data-e-type=\"widget\" data-widget_type=\"heading.default\">\n\t\t\t\t<div class=\"elementor-widget-container\">\n\t\t\t\t\t<h2 class=\"elementor-heading-title elementor-size-default\">\u00a1\u00danete a Afakomarket en nuestro camino hacia la inclusi\u00f3n laboral!<\/h2>\t\t\t\t<\/div>\n\t\t\t\t<\/div>\n\t\t\t\t<div class=\"elementor-element elementor-element-d38e573 elementor-widget elementor-widget-text-editor\" data-id=\"d38e573\" data-element_type=\"widget\" data-e-type=\"widget\" data-widget_type=\"text-editor.default\">\n\t\t\t\t<div class=\"elementor-widget-container\">\n\t\t\t\t\t\t\t\t\t<p><strong>\u00bfQui\u00e9nes somos?<\/strong> Afakomarket es un proyecto de centro especial de empleo dedicado a la inclusi\u00f3n laboral de personas con discapacidad. Nuestra misi\u00f3n es crear oportunidades reales de empleo en el \u00e1mbito del marketing digital, demostrando que la diversidad es una fuente de riqueza y creatividad.<\/p>\n<p><strong>\u00bfQu\u00e9 estamos haciendo?<\/strong> Estamos preparando una asociaci\u00f3n sin animo de lucro para programar el lanzamiento de una campa\u00f1a de crowdfunding para financiar nuestro proyecto y dar el primer paso hacia un futuro m\u00e1s inclusivo. Con tu apoyo, podremos establecer un entorno de trabajo accesible y ofrecer programas de formaci\u00f3n a personas con discapacidad.<\/p>\n<p><strong>\u00bfC\u00f3mo puedes ayudar?<\/strong> <strong>1. Instituciones P\u00fablicas:<\/strong> Tu apoyo institucional es crucial para la financiaci\u00f3n de este proyecto. Al contribuir, no solo estar\u00e1s cumpliendo con las normativas de inclusi\u00f3n laboral, sino tambi\u00e9n creando un impacto positivo en la comunidad.<\/p>\n<p><strong>2. Asociaciones Sin \u00c1nimo de Lucro:<\/strong> Colaborar con Afakomarket es una oportunidad para promover la igualdad de oportunidades. Tu participaci\u00f3n ayudar\u00e1 a proporcionar formaci\u00f3n y empleo a personas con discapacidad, mejorando su calidad de vida.<\/p>\n<p><strong>3. Personas Voluntarias:<\/strong> Tu tiempo y habilidades son invaluables. \u00danete a nosotros como voluntario y ayuda a capacitar a nuestro equipo, compartir tu experiencia y ser parte del cambio.<\/p>\n<p><strong>4. Personas con Diversidad Funcional:<\/strong> Este proyecto es para ti. Queremos ofrecerte las herramientas y el apoyo necesarios para desarrollarte profesionalmente en el campo del marketing digital. \u00a1Tu participaci\u00f3n y feedback son esenciales para nuestro \u00e9xito!<\/p>\n<p><strong>\u00bfPor qu\u00e9 contribuir?<\/strong><\/p>\n<ul>\n<li>\n<p><strong>Impacto Social:<\/strong> Al apoyar Afako market, estar\u00e1s promoviendo la inclusi\u00f3n laboral y ayudando a construir una sociedad m\u00e1s justa y equitativa.<\/p>\n<\/li>\n<li>\n<p><strong>Innovaci\u00f3n y Creatividad:<\/strong> Creemos que la diversidad impulsa la innovaci\u00f3n. Tu contribuci\u00f3n permitir\u00e1 a personas con discapacidad demostrar su talento en el marketing digital.<\/p>\n<\/li>\n<li>\n<p><strong>Cumplimiento Legal:<\/strong> Ayudar a financiar este proyecto es una forma de cumplir con las leyes de inclusi\u00f3n laboral y contribuir a un cambio positivo.<\/p>\n<\/li>\n<\/ul>\n<p><strong>\u00a1Ay\u00fadanos a alcanzar nuestra meta!<\/strong> Tu apoyo, ya sea grande o peque\u00f1o, marcar\u00e1 una gran diferencia. Hagamos que la integraci\u00f3n social y laboral sea una realidad. \u00danete a nuestra asociaci\u00f3n.<\/p>\n<p><strong>\u00a1Juntos, podemos hacer que la inclusi\u00f3n laboral sea una realidad!<\/strong><\/p>\t\t\t\t\t\t\t\t<\/div>\n\t\t\t\t<\/div>\n\t\t\t\t<div class=\"elementor-element elementor-element-40b568c elementor-widget elementor-widget-heading\" data-id=\"40b568c\" data-element_type=\"widget\" data-e-type=\"widget\" data-widget_type=\"heading.default\">\n\t\t\t\t<div class=\"elementor-widget-container\">\n\t\t\t\t\t<h2 class=\"elementor-heading-title elementor-size-default\">Nosotros<\/h2>\t\t\t\t<\/div>\n\t\t\t\t<\/div>\n\t\t\t\t<div class=\"elementor-element elementor-element-d233672 elementor-widget elementor-widget-text-editor\" data-id=\"d233672\" data-element_type=\"widget\" data-e-type=\"widget\" data-widget_type=\"text-editor.default\">\n\t\t\t\t<div class=\"elementor-widget-container\">\n\t\t\t\t\t\t\t\t\t<p>Mi nombre es Joaqu\u00edn Guerra, vocalista y compositor, con un desorden gen\u00e9tico que me causa distrofia muscular tipo Becker, una enfermedad de las denominadas raras, mi ultima actividad laboral fue en un centro especial de empleo y por eso se me ocurri\u00f3 lanzarme a crear\u00a0 un proyecto de centro especial de empleo cuya finalidad social, adem\u00e1s de ayudar al colectivo de personas con diversidad funcional y sus familiares, es tambi\u00e9n paliar las enfermedades gen\u00e9ticas y aportar nuestro granito de arena a la hora de ayudar a financiar la investigaci\u00f3n de las enfermedades \u00abraras\u00bb\u00a0<\/p><p>1- Dando una oportunidad laboral conjunta tanto a padres de personas dependientes como a la persona dependiente, sobre todo a las personas con una discapacidad severa.\u00a0<\/p><p>2- Nuestros beneficios sin animo de lucro ser\u00e1n destinados a la ampliaci\u00f3n del proyecto y a diversas causas sociales (Inclusi\u00f3n, Cultural, cient\u00edfica o de deporte adaptado).<\/p>\t\t\t\t\t\t\t\t<\/div>\n\t\t\t\t<\/div>\n\t\t\t\t<div class=\"elementor-element elementor-element-427d12a elementor-widget elementor-widget-heading\" data-id=\"427d12a\" data-element_type=\"widget\" data-e-type=\"widget\" data-widget_type=\"heading.default\">\n\t\t\t\t<div class=\"elementor-widget-container\">\n\t\t\t\t\t<h2 class=\"elementor-heading-title elementor-size-default\">\u00bfQuieres sumarte al proyecto?<\/h2>\t\t\t\t<\/div>\n\t\t\t\t<\/div>\n\t\t\t\t<div class=\"elementor-element elementor-element-9d9b4ab elementor-widget elementor-widget-text-editor\" data-id=\"9d9b4ab\" data-element_type=\"widget\" data-e-type=\"widget\" data-widget_type=\"text-editor.default\">\n\t\t\t\t<div class=\"elementor-widget-container\">\n\t\t\t\t\t\t\t\t\t<p>Estamos empezando a redactar nuestro programa de actuaci\u00f3n, este es el sitio web oficial del proyecto. Actualmente somos 2 personas, con diferentes discapacidades, desarrollando la idea pero eso no significa que no necesitemos ayuda, todo lo contrario, necesitamos toda la ayuda que pod\u00e1is darnos,\u00a0 pero lo que es seguro que lo conseguiremos porque vamos a enfocar todos nuestros esfuerzo en ello. Si eres una persona con diversidad funcional y adem\u00e1s altruista, comun\u00edcate con nosotros en afakomarket@gmail.com<\/p>\t\t\t\t\t\t\t\t<\/div>\n\t\t\t\t<\/div>\n\t\t\t\t<div class=\"elementor-element elementor-element-821c337 elementor-align-center elementor-widget elementor-widget-button\" data-id=\"821c337\" data-element_type=\"widget\" data-e-type=\"widget\" data-widget_type=\"button.default\">\n\t\t\t\t<div class=\"elementor-widget-container\">\n\t\t\t\t\t\t\t\t\t<div class=\"elementor-button-wrapper\">\n\t\t\t\t\t<a class=\"elementor-button elementor-button-link elementor-size-sm\" href=\"#afakomarket@gmail.com\">\n\t\t\t\t\t\t<span class=\"elementor-button-content-wrapper\">\n\t\t\t\t\t\t\t\t\t<span class=\"elementor-button-text\">Mas informaci\u00f3n<\/span>\n\t\t\t\t\t<\/span>\n\t\t\t\t\t<\/a>\n\t\t\t\t<\/div>\n\t\t\t\t\t\t\t\t<\/div>\n\t\t\t\t<\/div>\n\t\t\t\t\t<\/div>\n\t\t\t\t<\/div>\n\t\t\t\t\t<\/div>\n\t\t\t\t<\/div>\n\t\t<div class=\"elementor-element elementor-element-47fd37a e-flex e-con-boxed e-con e-parent\" data-id=\"47fd37a\" data-element_type=\"container\" data-e-type=\"container\">\n\t\t\t\t\t<div class=\"e-con-inner\">\n\t\t\t\t<div class=\"elementor-element elementor-element-2d40a52 elementor-widget elementor-widget-heading\" data-id=\"2d40a52\" data-element_type=\"widget\" data-e-type=\"widget\" data-widget_type=\"heading.default\">\n\t\t\t\t<div class=\"elementor-widget-container\">\n\t\t\t\t\t<h2 class=\"elementor-heading-title elementor-size-default\">Seguimos en construcci\u00f3n pronto mas informaci\u00f3n.<\/h2>\t\t\t\t<\/div>\n\t\t\t\t<\/div>\n\t\t\t\t\t<\/div>\n\t\t\t\t<\/div>\n\t\t\t\t<\/div>\n\t\t","protected":false},"excerpt":{"rendered":"<p>Asociaci\u00f3n de integraci\u00f3n sociolaboral de personas con discapacidad Afako Market (AISPDAM) La integraci\u00f3n sociolaboral es nuestra raz\u00f3n para la creaci\u00f3n [&hellip;]<\/p>\n","protected":false},"author":1,"featured_media":0,"parent":0,"menu_order":0,"comment_status":"closed","ping_status":"closed","template":"","meta":{"_monsterinsights_skip_tracking":false,"_monsterinsights_sitenote_active":false,"_monsterinsights_sitenote_note":"","_monsterinsights_sitenote_category":0,"site-sidebar-layout":"no-sidebar","site-content-layout":"","ast-site-content-layout":"full-width-container","site-content-style":"default","site-sidebar-style":"default","ast-global-header-display":"","ast-banner-title-visibility":"","ast-main-header-display":"","ast-hfb-above-header-display":"","ast-hfb-below-header-display":"","ast-hfb-mobile-header-display":"","site-post-title":"disabled","ast-breadcrumbs-content":"","ast-featured-img":"disabled","footer-sml-layout":"","ast-disable-related-posts":"","theme-transparent-header-meta":"","adv-header-id-meta":"","stick-header-meta":"","header-above-stick-meta":"","header-main-stick-meta":"","header-below-stick-meta":"","astra-migrate-meta-layouts":"default","ast-page-background-enabled":"default","ast-page-background-meta":{"desktop":{"background-color":"var(--ast-global-color-4)","background-image":"","background-repeat":"repeat","background-position":"center center","background-size":"auto","background-attachment":"scroll","background-type":"","background-media":"","overlay-type":"","overlay-color":"","overlay-opacity":"","overlay-gradient":""},"tablet":{"background-color":"","background-image":"","background-repeat":"repeat","background-position":"center center","background-size":"auto","background-attachment":"scroll","background-type":"","background-media":"","overlay-type":"","overlay-color":"","overlay-opacity":"","overlay-gradient":""},"mobile":{"background-color":"","background-image":"","background-repeat":"repeat","background-position":"center center","background-size":"auto","background-attachment":"scroll","background-type":"","background-media":"","overlay-type":"","overlay-color":"","overlay-opacity":"","overlay-gradient":""}},"ast-content-background-meta":{"desktop":{"background-color":"var(--ast-global-color-5)","background-image":"","background-repeat":"repeat","background-position":"center center","background-size":"auto","background-attachment":"scroll","background-type":"","background-media":"","overlay-type":"","overlay-color":"","overlay-opacity":"","overlay-gradient":""},"tablet":{"background-color":"var(--ast-global-color-5)","background-image":"","background-repeat":"repeat","background-position":"center center","background-size":"auto","background-attachment":"scroll","background-type":"","background-media":"","overlay-type":"","overlay-color":"","overlay-opacity":"","overlay-gradient":""},"mobile":{"background-color":"var(--ast-global-color-5)","background-image":"","background-repeat":"repeat","background-position":"center center","background-size":"auto","background-attachment":"scroll","background-type":"","background-media":"","overlay-type":"","overlay-color":"","overlay-opacity":"","overlay-gradient":""}},"footnotes":""},"class_list":["post-28","page","type-page","status-publish","hentry"],"aioseo_notices":[],"_links":{"self":[{"href":"https:\/\/afakomarket.com\/index.php\/wp-json\/wp\/v2\/pages\/28","targetHints":{"allow":["GET"]}}],"collection":[{"href":"https:\/\/afakomarket.com\/index.php\/wp-json\/wp\/v2\/pages"}],"about":[{"href":"https:\/\/afakomarket.com\/index.php\/wp-json\/wp\/v2\/types\/page"}],"author":[{"embeddable":true,"href":"https:\/\/afakomarket.com\/index.php\/wp-json\/wp\/v2\/users\/1"}],"replies":[{"embeddable":true,"href":"https:\/\/afakomarket.com\/index.php\/wp-json\/wp\/v2\/comments?post=28"}],"version-history":[{"count":16,"href":"https:\/\/afakomarket.com\/index.php\/wp-json\/wp\/v2\/pages\/28\/revisions"}],"predecessor-version":[{"id":206,"href":"https:\/\/afakomarket.com\/index.php\/wp-json\/wp\/v2\/pages\/28\/revisions\/206"}],"wp:attachment":[{"href":"https:\/\/afakomarket.com\/index.php\/wp-json\/wp\/v2\/media?parent=28"}],"curies":[{"name":"wp","href":"https:\/\/api.w.org\/{rel}","templated":true}]}}