{"id":151,"date":"2024-12-24T14:54:50","date_gmt":"2024-12-24T13:54:50","guid":{"rendered":"https:\/\/afakomarket.com\/?page_id=151"},"modified":"2025-01-05T12:20:43","modified_gmt":"2025-01-05T11:20:43","slug":"serviciosdemarketingdigital","status":"publish","type":"page","link":"https:\/\/afakomarket.com\/index.php\/serviciosdemarketingdigital\/","title":{"rendered":"Servicios"},"content":{"rendered":"\t\t<div data-elementor-type=\"wp-page\" data-elementor-id=\"151\" class=\"elementor elementor-151\">\n\t\t\t\t<div class=\"elementor-element elementor-element-37d0b40 e-flex e-con-boxed e-con e-parent\" data-id=\"37d0b40\" data-element_type=\"container\" data-e-type=\"container\" data-settings=\"{&quot;background_background&quot;:&quot;classic&quot;}\">\n\t\t\t\t\t<div class=\"e-con-inner\">\n\t\t\t\t<div class=\"elementor-element elementor-element-d27efcf elementor-widget elementor-widget-heading\" data-id=\"d27efcf\" data-element_type=\"widget\" data-e-type=\"widget\" data-widget_type=\"heading.default\">\n\t\t\t\t<div class=\"elementor-widget-container\">\n\t\t\t\t\t<h2 class=\"elementor-heading-title elementor-size-default\">Contrata nuestros servicios<\/h2>\t\t\t\t<\/div>\n\t\t\t\t<\/div>\n\t\t\t\t<div class=\"elementor-element elementor-element-d3f9951 elementor-widget elementor-widget-video\" data-id=\"d3f9951\" data-element_type=\"widget\" data-e-type=\"widget\" data-settings=\"{&quot;youtube_url&quot;:&quot;https:\\\/\\\/youtu.be\\\/dMfGf0QWhL0?si=kSy-Bev6U9W_sCqV&quot;,&quot;video_type&quot;:&quot;youtube&quot;,&quot;controls&quot;:&quot;yes&quot;}\" data-widget_type=\"video.default\">\n\t\t\t\t<div class=\"elementor-widget-container\">\n\t\t\t\t\t\t\t<div class=\"elementor-wrapper elementor-open-inline\">\n\t\t\t<div class=\"elementor-video\"><\/div>\t\t<\/div>\n\t\t\t\t\t\t<\/div>\n\t\t\t\t<\/div>\n\t\t\t\t<div class=\"elementor-element elementor-element-1b47496 elementor-widget elementor-widget-text-editor\" data-id=\"1b47496\" data-element_type=\"widget\" data-e-type=\"widget\" data-widget_type=\"text-editor.default\">\n\t\t\t\t<div class=\"elementor-widget-container\">\n\t\t\t\t\t\t\t\t\t<p><strong>Servicios comunes de marketing digital:<\/strong><\/p><ol start=\"1\"><li><p><strong>SEO (Optimizaci\u00f3n para Motores de B\u00fasqueda):<\/strong> Mejorar la visibilidad de un sitio web en los resultados de b\u00fasqueda.<\/p><\/li><li><p><strong>SEM (Marketing en Motores de B\u00fasqueda):<\/strong> Uso de anuncios pagados en los motores de b\u00fasqueda.<\/p><\/li><li><p><strong>Marketing de Contenidos:<\/strong> Creaci\u00f3n y distribuci\u00f3n de contenido relevante para atraer y retener a una audiencia.<\/p><\/li><li><p><strong>Redes Sociales:<\/strong> Gesti\u00f3n y publicidad en plataformas de redes sociales como Facebook, Instagram, Twitter, LinkedIn, etc.<\/p><\/li><li><p><strong>Email Marketing:<\/strong> Env\u00edo de correos electr\u00f3nicos promocionales o informativos a una lista de contactos.<\/p><\/li><li><p><strong>Publicidad Digital:<\/strong> Anuncios en l\u00ednea en diferentes plataformas como Google Ads, Facebook Ads, etc.<\/p><\/li><li><p><strong>Anal\u00edtica Web:<\/strong> Monitoreo y an\u00e1lisis del rendimiento de un sitio web y campa\u00f1as de marketing digital.<\/p><\/li><li><strong>Dise\u00f1o Web y Desarrollo:<\/strong> Creaci\u00f3n y mantenimiento de sitios web atractivos y funcionales.<\/li><li><p><strong>Marketing de Afiliaci\u00f3n:<\/strong> Promoci\u00f3n de productos o servicios a trav\u00e9s de terceros que reciben una comisi\u00f3n por las ventas generadas.<\/p><\/li><li><p><strong>Reputaci\u00f3n Online:<\/strong> Gesti\u00f3n de la percepci\u00f3n p\u00fablica de una marca en l\u00ednea.<\/p><\/li><li><strong>APP ios y android<\/strong>: Creaci\u00f3n y mantenimiento de sitios web atractivos y funcionales.<\/li><li><strong>Edici\u00f3n<\/strong>: Dise\u00f1o grafico, edici\u00f3n de videos y campa\u00f1as publicitarias.<\/li><\/ol><p><strong>Servicios de Marketing:\u00a0<\/strong><\/p><ol><li><strong>Promoci\u00f3n publicitaria:<\/strong> Un grupo de empleados paseara por la ciudad con la publicidad y promociones de nuestros clientes.\u00a0<\/li><\/ol>\t\t\t\t\t\t\t\t<\/div>\n\t\t\t\t<\/div>\n\t\t\t\t<div class=\"elementor-element elementor-element-9bd2db3 elementor-widget elementor-widget-heading\" data-id=\"9bd2db3\" data-element_type=\"widget\" data-e-type=\"widget\" data-widget_type=\"heading.default\">\n\t\t\t\t<div class=\"elementor-widget-container\">\n\t\t\t\t\t<h2 class=\"elementor-heading-title elementor-size-default\">Contacto:<\/h2>\t\t\t\t<\/div>\n\t\t\t\t<\/div>\n\t\t\t\t<div class=\"elementor-element elementor-element-1ea1246 elementor-widget elementor-widget-text-editor\" data-id=\"1ea1246\" data-element_type=\"widget\" data-e-type=\"widget\" data-widget_type=\"text-editor.default\">\n\t\t\t\t<div class=\"elementor-widget-container\">\n\t\t\t\t\t\t\t\t\t<p><a href=\"mailto:afakomarket@gmail.com\"><strong>afakomarket@gmail.com<\/strong><\/a><\/p>\t\t\t\t\t\t\t\t<\/div>\n\t\t\t\t<\/div>\n\t\t\t\t<div class=\"elementor-element elementor-element-2343fb5 elementor-widget elementor-widget-image\" data-id=\"2343fb5\" data-element_type=\"widget\" data-e-type=\"widget\" data-widget_type=\"image.default\">\n\t\t\t\t<div class=\"elementor-widget-container\">\n\t\t\t\t\t\t\t\t\t\t\t\t\t\t\t<img fetchpriority=\"high\" decoding=\"async\" width=\"512\" height=\"512\" src=\"https:\/\/afakomarket.com\/wp-content\/uploads\/2024\/12\/cropped-afako-texto-negro_00000-1.png\" class=\"attachment-large size-large wp-image-84\" alt=\"\" srcset=\"https:\/\/afakomarket.com\/wp-content\/uploads\/2024\/12\/cropped-afako-texto-negro_00000-1.png 512w, https:\/\/afakomarket.com\/wp-content\/uploads\/2024\/12\/cropped-afako-texto-negro_00000-1-300x300.png 300w, https:\/\/afakomarket.com\/wp-content\/uploads\/2024\/12\/cropped-afako-texto-negro_00000-1-150x150.png 150w\" sizes=\"(max-width: 512px) 100vw, 512px\" \/>\t\t\t\t\t\t\t\t\t\t\t\t\t\t\t<\/div>\n\t\t\t\t<\/div>\n\t\t\t\t\t<\/div>\n\t\t\t\t<\/div>\n\t\t<div class=\"elementor-element elementor-element-59c01b7 e-flex e-con-boxed e-con e-parent\" data-id=\"59c01b7\" data-element_type=\"container\" data-e-type=\"container\">\n\t\t\t\t\t<div class=\"e-con-inner\">\n\t\t\t\t<div class=\"elementor-element elementor-element-ff5dbdb elementor-widget elementor-widget-heading\" data-id=\"ff5dbdb\" data-element_type=\"widget\" data-e-type=\"widget\" data-widget_type=\"heading.default\">\n\t\t\t\t<div class=\"elementor-widget-container\">\n\t\t\t\t\t<h2 class=\"elementor-heading-title elementor-size-default\">Seguimos en construcci\u00f3n<\/h2>\t\t\t\t<\/div>\n\t\t\t\t<\/div>\n\t\t\t\t\t<\/div>\n\t\t\t\t<\/div>\n\t\t\t\t<\/div>\n\t\t","protected":false},"excerpt":{"rendered":"<p>Contrata nuestros servicios https:\/\/youtu.be\/dMfGf0QWhL0?si=kSy-Bev6U9W_sCqV Servicios comunes de marketing digital: SEO (Optimizaci\u00f3n para Motores de B\u00fasqueda): Mejorar la visibilidad de un [&hellip;]<\/p>\n","protected":false},"author":1,"featured_media":0,"parent":0,"menu_order":0,"comment_status":"closed","ping_status":"closed","template":"","meta":{"_monsterinsights_skip_tracking":false,"_monsterinsights_sitenote_active":false,"_monsterinsights_sitenote_note":"","_monsterinsights_sitenote_category":0,"site-sidebar-layout":"no-sidebar","site-content-layout":"","ast-site-content-layout":"full-width-container","site-content-style":"default","site-sidebar-style":"default","ast-global-header-display":"","ast-banner-title-visibility":"","ast-main-header-display":"","ast-hfb-above-header-display":"","ast-hfb-below-header-display":"","ast-hfb-mobile-header-display":"","site-post-title":"disabled","ast-breadcrumbs-content":"","ast-featured-img":"disabled","footer-sml-layout":"","ast-disable-related-posts":"","theme-transparent-header-meta":"","adv-header-id-meta":"","stick-header-meta":"","header-above-stick-meta":"","header-main-stick-meta":"","header-below-stick-meta":"","astra-migrate-meta-layouts":"default","ast-page-background-enabled":"default","ast-page-background-meta":{"desktop":{"background-color":"var(--ast-global-color-4)","background-image":"","background-repeat":"repeat","background-position":"center center","background-size":"auto","background-attachment":"scroll","background-type":"","background-media":"","overlay-type":"","overlay-color":"","overlay-opacity":"","overlay-gradient":""},"tablet":{"background-color":"","background-image":"","background-repeat":"repeat","background-position":"center center","background-size":"auto","background-attachment":"scroll","background-type":"","background-media":"","overlay-type":"","overlay-color":"","overlay-opacity":"","overlay-gradient":""},"mobile":{"background-color":"","background-image":"","background-repeat":"repeat","background-position":"center center","background-size":"auto","background-attachment":"scroll","background-type":"","background-media":"","overlay-type":"","overlay-color":"","overlay-opacity":"","overlay-gradient":""}},"ast-content-background-meta":{"desktop":{"background-color":"var(--ast-global-color-5)","background-image":"","background-repeat":"repeat","background-position":"center center","background-size":"auto","background-attachment":"scroll","background-type":"","background-media":"","overlay-type":"","overlay-color":"","overlay-opacity":"","overlay-gradient":""},"tablet":{"background-color":"var(--ast-global-color-5)","background-image":"","background-repeat":"repeat","background-position":"center center","background-size":"auto","background-attachment":"scroll","background-type":"","background-media":"","overlay-type":"","overlay-color":"","overlay-opacity":"","overlay-gradient":""},"mobile":{"background-color":"var(--ast-global-color-5)","background-image":"","background-repeat":"repeat","background-position":"center center","background-size":"auto","background-attachment":"scroll","background-type":"","background-media":"","overlay-type":"","overlay-color":"","overlay-opacity":"","overlay-gradient":""}},"footnotes":""},"class_list":["post-151","page","type-page","status-publish","hentry"],"aioseo_notices":[],"_links":{"self":[{"href":"https:\/\/afakomarket.com\/index.php\/wp-json\/wp\/v2\/pages\/151","targetHints":{"allow":["GET"]}}],"collection":[{"href":"https:\/\/afakomarket.com\/index.php\/wp-json\/wp\/v2\/pages"}],"about":[{"href":"https:\/\/afakomarket.com\/index.php\/wp-json\/wp\/v2\/types\/page"}],"author":[{"embeddable":true,"href":"https:\/\/afakomarket.com\/index.php\/wp-json\/wp\/v2\/users\/1"}],"replies":[{"embeddable":true,"href":"https:\/\/afakomarket.com\/index.php\/wp-json\/wp\/v2\/comments?post=151"}],"version-history":[{"count":20,"href":"https:\/\/afakomarket.com\/index.php\/wp-json\/wp\/v2\/pages\/151\/revisions"}],"predecessor-version":[{"id":198,"href":"https:\/\/afakomarket.com\/index.php\/wp-json\/wp\/v2\/pages\/151\/revisions\/198"}],"wp:attachment":[{"href":"https:\/\/afakomarket.com\/index.php\/wp-json\/wp\/v2\/media?parent=151"}],"curies":[{"name":"wp","href":"https:\/\/api.w.org\/{rel}","templated":true}]}}