{"id":121,"date":"2024-12-24T13:07:41","date_gmt":"2024-12-24T12:07:41","guid":{"rendered":"https:\/\/afakomarket.com\/?page_id=121"},"modified":"2025-01-05T12:14:17","modified_gmt":"2025-01-05T11:14:17","slug":"trabajaconnosotros","status":"publish","type":"page","link":"https:\/\/afakomarket.com\/index.php\/trabajaconnosotros\/","title":{"rendered":"Trabaja con Nosotros"},"content":{"rendered":"\t\t<div data-elementor-type=\"wp-page\" data-elementor-id=\"121\" class=\"elementor elementor-121\">\n\t\t\t\t<div class=\"elementor-element elementor-element-d90f590 e-flex e-con-boxed e-con e-parent\" data-id=\"d90f590\" data-element_type=\"container\" data-e-type=\"container\" data-settings=\"{&quot;background_background&quot;:&quot;classic&quot;}\">\n\t\t\t\t\t<div class=\"e-con-inner\">\n\t\t\t\t<div class=\"elementor-element elementor-element-c48f4d6 elementor-widget elementor-widget-heading\" data-id=\"c48f4d6\" data-element_type=\"widget\" data-e-type=\"widget\" data-widget_type=\"heading.default\">\n\t\t\t\t<div class=\"elementor-widget-container\">\n\t\t\t\t\t<h2 class=\"elementor-heading-title elementor-size-default\">\u00danete a Afako Market y forma parte de nuestro proyecto de inclusi\u00f3n laboral!<\/h2>\t\t\t\t<\/div>\n\t\t\t\t<\/div>\n\t\t\t\t<div class=\"elementor-element elementor-element-a84fa83 elementor-widget elementor-widget-video\" data-id=\"a84fa83\" data-element_type=\"widget\" data-e-type=\"widget\" data-settings=\"{&quot;youtube_url&quot;:&quot;https:\\\/\\\/youtu.be\\\/GBY2B5SgdwY&quot;,&quot;video_type&quot;:&quot;youtube&quot;,&quot;controls&quot;:&quot;yes&quot;}\" data-widget_type=\"video.default\">\n\t\t\t\t<div class=\"elementor-widget-container\">\n\t\t\t\t\t\t\t<div class=\"elementor-wrapper elementor-open-inline\">\n\t\t\t<div class=\"elementor-video\"><\/div>\t\t<\/div>\n\t\t\t\t\t\t<\/div>\n\t\t\t\t<\/div>\n\t\t\t\t<div class=\"elementor-element elementor-element-0b73710 elementor-widget elementor-widget-text-editor\" data-id=\"0b73710\" data-element_type=\"widget\" data-e-type=\"widget\" data-widget_type=\"text-editor.default\">\n\t\t\t\t<div class=\"elementor-widget-container\">\n\t\t\t\t\t\t\t\t\t<div tabindex=\"0\" role=\"article\" data-tabster=\"{&quot;groupper&quot;:{&quot;tabbability&quot;:2},&quot;focusable&quot;:{}}\" data-content=\"ai-message\" aria-labelledby=\"urW5n1bSjKgTk5eGSy2Qw-author} urW5n1bSjKgTk5eGSy2Qw-content-0\"><div id=\"urW5n1bSjKgTk5eGSy2Qw-content-0\" class=\"space-y-3 break-words\"><p>Afakomarket es un centro especial de empleo que est\u00e1 comenzando a dar sus primeros pasos y necesitamos formar nuestro primer equipo de trabajo para formalizar este emocionante proyecto. Estamos buscando personal con un certificado de discapacidad superior al 33% para unirse a nuestro equipo y ayudarnos a llevar a cabo todos los tr\u00e1mites necesarios.<\/p><p><strong>Posiciones Disponibles:<\/strong><\/p><ol start=\"1\"><li><p><strong>Formadores cualificados<\/strong><\/p><\/li><li><strong>Comercial captador de clientes<\/strong><\/li><li><p><strong>Especialistas en Marketing Digital<\/strong><\/p><ul><li><p>Dise\u00f1o gr\u00e1fico<\/p><\/li><li><p>Edici\u00f3n de video<\/p><\/li><li><p>Dise\u00f1o web y aplicaciones iOS y Android<\/p><\/li><li><p>Community manager<\/p><\/li><\/ul><\/li><li><p><strong>Promotores de Publicidad (No cualificados)<\/strong><\/p><\/li><\/ol><p><strong>Si est\u00e1s interesado y cumples con los requisitos, escribenos un email <a href=\"mailto:afakomarket@gmail.com\">afakomarket@gmail.com<\/a> p<\/strong><strong>ara m\u00e1s informaci\u00f3n y c\u00f3mo aplicar. \u00a1Te esperamos!<\/strong><\/p><p><strong>Afakomarket: Pon tu talento en marcha y crece con nosotros.<\/strong><\/p><\/div><\/div>\t\t\t\t\t\t\t\t<\/div>\n\t\t\t\t<\/div>\n\t\t\t\t<div class=\"elementor-element elementor-element-5a61e64 elementor-widget elementor-widget-image\" data-id=\"5a61e64\" data-element_type=\"widget\" data-e-type=\"widget\" data-widget_type=\"image.default\">\n\t\t\t\t<div class=\"elementor-widget-container\">\n\t\t\t\t\t\t\t\t\t\t\t\t\t\t\t<img fetchpriority=\"high\" decoding=\"async\" width=\"1024\" height=\"768\" src=\"https:\/\/afakomarket.com\/wp-content\/uploads\/2024\/12\/trabaja-en-cee-afakomarket-1024x768.png\" class=\"attachment-large size-large wp-image-138\" alt=\"\" srcset=\"https:\/\/afakomarket.com\/wp-content\/uploads\/2024\/12\/trabaja-en-cee-afakomarket-1024x768.png 1024w, https:\/\/afakomarket.com\/wp-content\/uploads\/2024\/12\/trabaja-en-cee-afakomarket-300x225.png 300w, https:\/\/afakomarket.com\/wp-content\/uploads\/2024\/12\/trabaja-en-cee-afakomarket-768x576.png 768w, https:\/\/afakomarket.com\/wp-content\/uploads\/2024\/12\/trabaja-en-cee-afakomarket.png 1200w\" sizes=\"(max-width: 1024px) 100vw, 1024px\" \/>\t\t\t\t\t\t\t\t\t\t\t\t\t\t\t<\/div>\n\t\t\t\t<\/div>\n\t\t\t\t<div class=\"elementor-element elementor-element-377e119 elementor-widget elementor-widget-heading\" data-id=\"377e119\" data-element_type=\"widget\" data-e-type=\"widget\" data-widget_type=\"heading.default\">\n\t\t\t\t<div class=\"elementor-widget-container\">\n\t\t\t\t\t<h2 class=\"elementor-heading-title elementor-size-default\">TRABAJO DE PROMOCI\u00d3N PUBLICITARIA<\/h2>\t\t\t\t<\/div>\n\t\t\t\t<\/div>\n\t\t\t\t<div class=\"elementor-element elementor-element-bfb400c elementor-widget elementor-widget-text-editor\" data-id=\"bfb400c\" data-element_type=\"widget\" data-e-type=\"widget\" data-widget_type=\"text-editor.default\">\n\t\t\t\t<div class=\"elementor-widget-container\">\n\t\t\t\t\t\t\t\t\t<p>Las personas con una discapacidad severa que no han podido formarse por sus circunstancias y su familiares a cargo no han podido desarrollar actividades laborales que podr\u00e1n acompa\u00f1ar laboralmente como asistente de promoci\u00f3n publicitaria, como fue mi caso con Afako market podremos cumplir esa doble funci\u00f3n social.\u00a0 Nuestros creadores de 3D muestran el primer prototipo en la siguiente imagen.<\/p>\t\t\t\t\t\t\t\t<\/div>\n\t\t\t\t<\/div>\n\t\t\t\t<div class=\"elementor-element elementor-element-082805a elementor-widget elementor-widget-image\" data-id=\"082805a\" data-element_type=\"widget\" data-e-type=\"widget\" data-widget_type=\"image.default\">\n\t\t\t\t<div class=\"elementor-widget-container\">\n\t\t\t\t\t\t\t\t\t\t\t\t\t\t\t<img decoding=\"async\" width=\"1024\" height=\"768\" src=\"https:\/\/afakomarket.com\/wp-content\/uploads\/2024\/12\/silla-de-ruedas-promoion-publicitaria1-1024x768.png\" class=\"attachment-large size-large wp-image-181\" alt=\"\" srcset=\"https:\/\/afakomarket.com\/wp-content\/uploads\/2024\/12\/silla-de-ruedas-promoion-publicitaria1-1024x768.png 1024w, https:\/\/afakomarket.com\/wp-content\/uploads\/2024\/12\/silla-de-ruedas-promoion-publicitaria1-300x225.png 300w, https:\/\/afakomarket.com\/wp-content\/uploads\/2024\/12\/silla-de-ruedas-promoion-publicitaria1-768x576.png 768w, https:\/\/afakomarket.com\/wp-content\/uploads\/2024\/12\/silla-de-ruedas-promoion-publicitaria1-1536x1152.png 1536w, https:\/\/afakomarket.com\/wp-content\/uploads\/2024\/12\/silla-de-ruedas-promoion-publicitaria1-2048x1536.png 2048w\" sizes=\"(max-width: 1024px) 100vw, 1024px\" \/>\t\t\t\t\t\t\t\t\t\t\t\t\t\t\t<\/div>\n\t\t\t\t<\/div>\n\t\t\t\t\t<\/div>\n\t\t\t\t<\/div>\n\t\t\t\t<\/div>\n\t\t","protected":false},"excerpt":{"rendered":"<p>\u00danete a Afako Market y forma parte de nuestro proyecto de inclusi\u00f3n laboral! https:\/\/youtu.be\/GBY2B5SgdwY Afakomarket es un centro especial de [&hellip;]<\/p>\n","protected":false},"author":1,"featured_media":0,"parent":0,"menu_order":0,"comment_status":"closed","ping_status":"closed","template":"","meta":{"_monsterinsights_skip_tracking":false,"_monsterinsights_sitenote_active":false,"_monsterinsights_sitenote_note":"","_monsterinsights_sitenote_category":0,"site-sidebar-layout":"no-sidebar","site-content-layout":"","ast-site-content-layout":"full-width-container","site-content-style":"default","site-sidebar-style":"default","ast-global-header-display":"","ast-banner-title-visibility":"","ast-main-header-display":"","ast-hfb-above-header-display":"","ast-hfb-below-header-display":"","ast-hfb-mobile-header-display":"","site-post-title":"disabled","ast-breadcrumbs-content":"","ast-featured-img":"disabled","footer-sml-layout":"","ast-disable-related-posts":"","theme-transparent-header-meta":"","adv-header-id-meta":"","stick-header-meta":"","header-above-stick-meta":"","header-main-stick-meta":"","header-below-stick-meta":"","astra-migrate-meta-layouts":"default","ast-page-background-enabled":"default","ast-page-background-meta":{"desktop":{"background-color":"var(--ast-global-color-4)","background-image":"","background-repeat":"repeat","background-position":"center center","background-size":"auto","background-attachment":"scroll","background-type":"","background-media":"","overlay-type":"","overlay-color":"","overlay-opacity":"","overlay-gradient":""},"tablet":{"background-color":"","background-image":"","background-repeat":"repeat","background-position":"center center","background-size":"auto","background-attachment":"scroll","background-type":"","background-media":"","overlay-type":"","overlay-color":"","overlay-opacity":"","overlay-gradient":""},"mobile":{"background-color":"","background-image":"","background-repeat":"repeat","background-position":"center center","background-size":"auto","background-attachment":"scroll","background-type":"","background-media":"","overlay-type":"","overlay-color":"","overlay-opacity":"","overlay-gradient":""}},"ast-content-background-meta":{"desktop":{"background-color":"var(--ast-global-color-5)","background-image":"","background-repeat":"repeat","background-position":"center center","background-size":"auto","background-attachment":"scroll","background-type":"","background-media":"","overlay-type":"","overlay-color":"","overlay-opacity":"","overlay-gradient":""},"tablet":{"background-color":"var(--ast-global-color-5)","background-image":"","background-repeat":"repeat","background-position":"center center","background-size":"auto","background-attachment":"scroll","background-type":"","background-media":"","overlay-type":"","overlay-color":"","overlay-opacity":"","overlay-gradient":""},"mobile":{"background-color":"var(--ast-global-color-5)","background-image":"","background-repeat":"repeat","background-position":"center center","background-size":"auto","background-attachment":"scroll","background-type":"","background-media":"","overlay-type":"","overlay-color":"","overlay-opacity":"","overlay-gradient":""}},"footnotes":""},"class_list":["post-121","page","type-page","status-publish","hentry"],"aioseo_notices":[],"_links":{"self":[{"href":"https:\/\/afakomarket.com\/index.php\/wp-json\/wp\/v2\/pages\/121","targetHints":{"allow":["GET"]}}],"collection":[{"href":"https:\/\/afakomarket.com\/index.php\/wp-json\/wp\/v2\/pages"}],"about":[{"href":"https:\/\/afakomarket.com\/index.php\/wp-json\/wp\/v2\/types\/page"}],"author":[{"embeddable":true,"href":"https:\/\/afakomarket.com\/index.php\/wp-json\/wp\/v2\/users\/1"}],"replies":[{"embeddable":true,"href":"https:\/\/afakomarket.com\/index.php\/wp-json\/wp\/v2\/comments?post=121"}],"version-history":[{"count":23,"href":"https:\/\/afakomarket.com\/index.php\/wp-json\/wp\/v2\/pages\/121\/revisions"}],"predecessor-version":[{"id":192,"href":"https:\/\/afakomarket.com\/index.php\/wp-json\/wp\/v2\/pages\/121\/revisions\/192"}],"wp:attachment":[{"href":"https:\/\/afakomarket.com\/index.php\/wp-json\/wp\/v2\/media?parent=121"}],"curies":[{"name":"wp","href":"https:\/\/api.w.org\/{rel}","templated":true}]}}